{"id":185,"date":"2019-09-21T13:36:42","date_gmt":"2019-09-21T11:36:42","guid":{"rendered":"http:\/\/guido-weis.de\/?page_id=185-old"},"modified":"2025-05-22T09:16:18","modified_gmt":"2025-05-22T07:16:18","slug":"impressum","status":"publish","type":"page","link":"https:\/\/www.guido-weis.de\/en\/impressum\/","title":{"rendered":"Imprint"},"content":{"rendered":"<div class=\"page-content footer-shadow\">\n<div class=\"gridContainer content\">\n<div id=\"post-10\" class=\"post-10 page type-page status-publish hentry\">\n<div>\n<p>Dies hier ist eine rein private Webseite ohne jegliches kommerzielles Interesse.<\/p>\n<p>Sie dient ausschlie\u00dflich der Information \u00fcber mich und meine Person, sowie der freien Meinungs\u00e4u\u00dferung.<\/p>\n<p>Falls ein schriftlicher Kontakt notwendig sein sollte, schreiben Sie gerne an:<\/p>\n<p>&nbsp;<\/p>\n<p><strong>Guido Weis<\/strong><br \/>\n<strong>Grunewaldstra\u00dfe 75<\/strong><br \/>\n<strong>51375 Leverkusen<br \/>\n<\/strong><\/p>\n<p>&nbsp;<\/p>\n<p><strong>e-mail:<\/strong> guido (punkt) weis (bei) me.com<\/p>\n<p>&nbsp;<\/p>\n<p><strong>1)<\/strong> Urheberrecht: Die durch mich erstellten Inhalte und Werke auf diesen Seiten unterliegen dem deutschen Urheberrecht. Die Vervielf\u00e4ltigung, Bearbeitung, Verbreitung und jede Art der Verwertung au\u00dferhalb der Grenzen des Urheberrechtes bed\u00fcrfen der schriftlichen Zustimmung des jeweiligen Autors bzw. Erstellers. Downloads und Kopien dieser Seite sind nur f\u00fcr den privaten, nicht kommerziellen Gebrauch gestattet. Soweit die Inhalte auf dieser Seite nicht von mir erstellt wurden, werden die Urheberrechte Dritter beachtet. Insbesondere werden Inhalte Dritter als solche gekennzeichnet. Sollten Sie trotzdem auf eine Urheberrechtsverletzung aufmerksam werden, bitten wir um einen entsprechenden Hinweis. Bei Bekanntwerden von Rechtsverletzungen werde ich derartige Inhalte umgehend entfernen.<\/p>\n<p>&nbsp;<\/p>\n<p><strong>2)<\/strong> Keine Abmahnung ohne vorherigen Kontakt (gem\u00e4\u00df \u00a7 8 Abs. 4 UWG).<br \/>\nSollte der Inhalt oder die Aufmachung dieser Seiten fremde Rechte Dritter oder gesetzliche Bestimmungen verletzen, so bitte ich um eine entsprechende Nachricht ohne Kostennote. Die Beseitigung einer m\u00f6glicherweise von diesen Seiten ausgehenden Schutzrecht-Verletzung durch Schutzrecht-Inhaber\/Innen selbst darf nicht ohne meine Zustimmung stattfinden. Ich garantiere, dass die zu Recht beanstandeten Passagen unverz\u00fcglich entfernt werden, ohne dass von Ihrer Seite die Einschaltung eines Rechtsbeistandes erforderlich ist. Dennoch von Ihnen ohne vorherige Kontaktaufnahme ausgel\u00f6ste Kosten werden ich vollumf\u00e4nglich zur\u00fcckweisen und gegebenenfalls Gegenklage wegen Verletzung vorgenannter Bestimmungen einreichen.<\/p>\n<p>&nbsp;<\/p>\n<p><strong>3)<\/strong> Mein Internetauftritt enth\u00e4lt unter Umst\u00e4nden Links zu externen Webseiten Dritter, auf deren Inhalte ich keinen Einfluss habe. Deshalb kann ich f\u00fcr diese fremden Inhalte auch keine Gew\u00e4hr \u00fcbernehmen. F\u00fcr die Inhalte der verlinkten Seiten ist stets der jeweilige Anbieter oder Betreiber der Seiten verantwortlich. Die verlinkten Seiten wurden zum Zeitpunkt der Verlinkung auf m\u00f6gliche Rechtsverst\u00f6\u00dfe \u00fcberpr\u00fcft. Rechtswidrige Inhalte waren zum Zeitpunkt der Verlinkung nicht erkennbar. Eine permanente inhaltliche Kontrolle der verlinkten Seiten ist jedoch ohne konkrete Anhaltspunkte einer Rechtsverletzung nicht zumutbar. Bei Bekanntwerden von Rechtsverletzungen werde ich derartige Links umgehend entfernen.<\/p>\n<p>&nbsp;<\/p>\n<p><strong>4)<\/strong> Aus Gr\u00fcnden der besseren Lesbarkeit wird auf die gleichzeitige Verwendung m\u00e4nnlicher und weiblicher Sprachformen verzichtet. S\u00e4mtliche Personenbezeichnungen gelten gleichwohl f\u00fcr alle Geschlechter (m\/w\/d).<\/p>\n<\/div>\n<\/div>\n<\/div>\n<\/div>","protected":false},"excerpt":{"rendered":"<p>Dies hier ist eine rein private Webseite ohne jegliches kommerzielles Interesse. Sie dient ausschlie\u00dflich der Information \u00fcber mich und meine Person, sowie der freien Meinungs\u00e4u\u00dferung. Falls ein schriftlicher Kontakt notwendig sein sollte, schreiben Sie gerne an: &nbsp; Guido Weis Grunewaldstra\u00dfe 75 51375 Leverkusen &nbsp; e-mail: guido (punkt) weis (bei) me.com &nbsp; 1) Urheberrecht: Die durch&hellip; <br \/> <a class=\"read-more\" href=\"https:\/\/www.guido-weis.de\/en\/impressum\/\">Read more<\/a><\/p>","protected":false},"author":2,"featured_media":0,"parent":0,"menu_order":0,"comment_status":"closed","ping_status":"closed","template":"pro\/page-templates\/full-width-page.php","meta":{"footnotes":""},"class_list":["post-185","page","type-page","status-publish","hentry"],"jetpack_sharing_enabled":true,"_links":{"self":[{"href":"https:\/\/www.guido-weis.de\/en\/wp-json\/wp\/v2\/pages\/185","targetHints":{"allow":["GET"]}}],"collection":[{"href":"https:\/\/www.guido-weis.de\/en\/wp-json\/wp\/v2\/pages"}],"about":[{"href":"https:\/\/www.guido-weis.de\/en\/wp-json\/wp\/v2\/types\/page"}],"author":[{"embeddable":true,"href":"https:\/\/www.guido-weis.de\/en\/wp-json\/wp\/v2\/users\/2"}],"replies":[{"embeddable":true,"href":"https:\/\/www.guido-weis.de\/en\/wp-json\/wp\/v2\/comments?post=185"}],"version-history":[{"count":12,"href":"https:\/\/www.guido-weis.de\/en\/wp-json\/wp\/v2\/pages\/185\/revisions"}],"predecessor-version":[{"id":495,"href":"https:\/\/www.guido-weis.de\/en\/wp-json\/wp\/v2\/pages\/185\/revisions\/495"}],"wp:attachment":[{"href":"https:\/\/www.guido-weis.de\/en\/wp-json\/wp\/v2\/media?parent=185"}],"curies":[{"name":"wp","href":"https:\/\/api.w.org\/{rel}","templated":true}]}}