{"id":227,"date":"2018-02-20T12:59:51","date_gmt":"2018-02-20T12:59:51","guid":{"rendered":"http:\/\/msmbizz.mihai1-work.cloud-press.net\/?page_id=227"},"modified":"2025-10-19T11:25:32","modified_gmt":"2025-10-19T09:25:32","slug":"aboutme","status":"publish","type":"page","link":"https:\/\/www.guido-weis.de\/en\/aboutme\/","title":{"rendered":"About me"},"content":{"rendered":"<div  data-label=\"About\" data-id=\"about-5\" data-export-id=\"about-5\" data-category=\"about\" class=\"about-5 content-section content-section-spacing\" id=\"about-3\" style=\"background-color: rgb(255, 255, 255);\">\r\n    <div  class=\"gridContainer\">\r\n        <div  class=\"row middle-sm text-center\">\r\n            <div  class=\"col-sm-6 space-bottom-xs\" data-type=\"column\">\r\n                <h2  class=\"\"> Generation X<br >\r\n                    <span  style=\"font-family: Playfair Display, sans-serif; font-weight: 700; font-style: italic;\" href=\"#\">\r\n                    1965 \u2013 1980\r\n<br >&nbsp;<\/span>&nbsp;Typisch ? Typisch !<\/h2>\r\n                <p  class=\"\">Ich: Geboren im April 1967, Widder, Einzelkind.\r\n<br >Die Generation X legt laut Internet&nbsp;<a  href=\"https:\/\/www.concrete-designs.de\/generationx-y-z-so-unterscheiden-sie-sich\/#:~:text=Werte%3A,auf%20Selbstverwirklichung%2C%20Unabh%C3%A4ngigkeit%20und%20Flexibilit%C3%A4t.\" target=\"_blank\" rel=\"noopener\" data-mce-href=\"https:\/\/www.concrete-designs.de\/generationx-y-z-so-unterscheiden-sie-sich\/#:~:text=Werte%3A,auf%20Selbstverwirklichung%2C%20Unabh%C3%A4ngigkeit%20und%20Flexibilit%C3%A4t.\" data-cp-link=\"1\" data-mce-selected=\"inline-boundary\" class=\"\">(<span  style=\"font-style: italic;\">Quelle<\/span>)<\/a> gro\u00dfen Wert auf Ehrlichkeit, Arbeitseffizienz und Respekt f\u00fcr Autorit\u00e4t. Die Generation X kommuniziert gerne pers\u00f6nlich oder via Telefon-Konferenz. Sie favorisiert Gruppensitzungen (gerne auch gr\u00f6\u00dfere) um F\u00e4higkeiten zu erwerben oder zu vermitteln. Stabilit\u00e4t ist ein erkl\u00e4rtes Ziel dieser Generation. Mit dem Blick in den Spiegel stelle ich fest: Stimmt. Alles. Ich z\u00e4hle mich zu den typischen Vertretern dieser Generation.<\/p>\r\n            <\/div>\r\n            <div  class=\"col-sm-6 flexbox around-xs top-xs image-group-right-2\">\r\n                <div  class=\"left-el\">\r\n                    <a  data-cp-link=\"1\" href=\"https:\/\/de.wikipedia.org\/wiki\/Generation_X\" target=\"_blank\" class=\"\"><img  decoding=\"async\" class=\"shadow-large\" data-size=\"300x430\" src=\"https:\/\/www.guido-weis.de\/wp-content\/uploads\/2025\/10\/cropped-Generationen.jpg\" title=\"cropped-Generationen-Uebersicht.png\" alt=\"\"><\/a> <\/div>\r\n                <div  class=\"right-el\">\r\n                    <a  data-cp-link=\"1\" href=\"https:\/\/www.youtube.com\/watch?v=HZVA9Mmc__8\" target=\"_blank\" class=\"\"><img  decoding=\"async\" class=\"shadow-large\" data-size=\"300x430\" src=\"https:\/\/www.guido-weis.de\/wp-content\/uploads\/2025\/05\/cropped-C64.jpeg\"><\/a> <\/div>\r\n                <div  class=\"center-overlay inner-shadow border-large\"><\/div>\r\n            <\/div>\r\n        <\/div>\r\n    <\/div>\r\n<\/div>","protected":false},"excerpt":{"rendered":"<p>Generation X 1965 \u2013 1980 &nbsp;&nbsp;Typisch ? Typisch ! Ich: Geboren im April 1967, Widder, Einzelkind. Die Generation X legt laut Internet&nbsp;(Quelle) gro\u00dfen Wert auf Ehrlichkeit, Arbeitseffizienz und Respekt f\u00fcr Autorit\u00e4t. Die Generation X kommuniziert gerne pers\u00f6nlich oder via Telefon-Konferenz. Sie favorisiert Gruppensitzungen (gerne auch gr\u00f6\u00dfere) um F\u00e4higkeiten zu erwerben oder zu vermitteln. Stabilit\u00e4t ist&hellip; <br \/> <a class=\"read-more\" href=\"https:\/\/www.guido-weis.de\/en\/aboutme\/\">Read more<\/a><\/p>","protected":false},"author":2,"featured_media":0,"parent":0,"menu_order":0,"comment_status":"closed","ping_status":"closed","template":"pro\/page-templates\/full-width-page.php","meta":{"footnotes":""},"class_list":["post-227","page","type-page","status-publish","hentry"],"jetpack_sharing_enabled":true,"_links":{"self":[{"href":"https:\/\/www.guido-weis.de\/en\/wp-json\/wp\/v2\/pages\/227","targetHints":{"allow":["GET"]}}],"collection":[{"href":"https:\/\/www.guido-weis.de\/en\/wp-json\/wp\/v2\/pages"}],"about":[{"href":"https:\/\/www.guido-weis.de\/en\/wp-json\/wp\/v2\/types\/page"}],"author":[{"embeddable":true,"href":"https:\/\/www.guido-weis.de\/en\/wp-json\/wp\/v2\/users\/2"}],"replies":[{"embeddable":true,"href":"https:\/\/www.guido-weis.de\/en\/wp-json\/wp\/v2\/comments?post=227"}],"version-history":[{"count":14,"href":"https:\/\/www.guido-weis.de\/en\/wp-json\/wp\/v2\/pages\/227\/revisions"}],"predecessor-version":[{"id":655,"href":"https:\/\/www.guido-weis.de\/en\/wp-json\/wp\/v2\/pages\/227\/revisions\/655"}],"wp:attachment":[{"href":"https:\/\/www.guido-weis.de\/en\/wp-json\/wp\/v2\/media?parent=227"}],"curies":[{"name":"wp","href":"https:\/\/api.w.org\/{rel}","templated":true}]}}