{"id":37,"date":"2018-02-16T16:54:23","date_gmt":"2018-02-16T16:54:23","guid":{"rendered":"http:\/\/msmbizz.mihai1-work.cloud-press.net\/?page_id=37"},"modified":"2026-02-04T16:23:12","modified_gmt":"2026-02-04T15:23:12","slug":"berufung","status":"publish","type":"page","link":"https:\/\/www.guido-weis.de\/en\/berufung\/","title":{"rendered":"Berufung"},"content":{"rendered":"<div  data-label=\"Fischertechnik\" data-id=\"about--1\" data-export-id=\"about-9\" data-category=\"about\" class=\"about-9 content-section content-section-spacing\" id=\"fischertechnik\" style=\"background-color: rgb(255, 255, 255);\"><div  class=\"gridContainer\"> <div  class=\"row middle-sm text-center\"><div  class=\"col-sm-5 space-bottom-xs content-column content-right-sm\" data-type=\"column\"> <h5  class=\"\">LEGO \u2013 fischertechnik \u2013 Kommunikation<\/h5> <h2  class=\"\">Kommunikation verbindet<\/h2> <p  class=\"\" style=\"text-align: left;\">Als Kind spielte ich viel mit <span  style=\"font-weight: 600;\">LEGO<\/span>, nicht mit <span  style=\"font-weight: 600;\">fischertechnik<\/span>.<br >\nJahre sp\u00e4ter fiel mir auf, dass h\u00e4ufig diejenigen, die<br >\nmit fischertechnik spielten, beruflich oft in technischen Bereichen landeten. Den seinerzeit sehr beliebten \u201eChemiebaukasten\u201c hatte ich \u00fcbrigens auch nie unter dem Weihnachtsbaum liegen.<br ><br >LEGO-TECHNIC und ich wurden nie Freunde. Wahrscheinlich war mir das zu technisch <img decoding=\"async\" draggable=\"false\" role=\"img\" class=\"emoji\" alt=\"\ud83d\ude09\" src=\"https:\/\/s.w.org\/images\/core\/emoji\/17.0.2\/svg\/1f609.svg\" >.\n<br ><br >Ich wurde ein Kaufmann, und bin seit meiner Ausbildung gerne \u201eauf der Stra\u00dfe\u201c als leidenschaftlicher Vertriebler unterwegs. V\u00f6llig unabh\u00e4ngig meiner Funktion fahre ich immer noch wahnsinnig gerne&nbsp;raus zum Kunden. Meine Kunden sind seit \u00fcber 25 Jahren ausschlie\u00dflich Gesch\u00e4ftskunden. Also B2B-Business. Vom Einzelunternehmer mit 50 Euro\/Monat\/Handy bis hin zu internationalen DAX30-Unternehmen mit einer Gesamtverantwortung von 64 Millionen Euro Umsatz pro Jahr und komplexeren IT-L\u00f6sungen.<\/p> <\/div> <div  class=\"col-sm-7 flexbox flexbox middle-xs center-xs space-bottom-xs\"><div  class=\"overlay-box flexbox middle-xs center-xs overlay-holder\"> <div  class=\"overlay-box-offset offset-background shadow-medium bg-color2 hide-xs\"><\/div> <img  decoding=\"async\" class=\"flexbox shadow-large img1\" src=\"https:\/\/www.guido-weis.de\/wp-content\/uploads\/2025\/05\/cropped-cropped-fischertechnik.jpeg\" data-size=\"600x400\" title=\"cropped-cropped-fischertechnik.jpeg\" alt=\"\"><\/div> <\/div><\/div> <\/div><\/div><div  data-label=\"Lego\" data-id=\"about--2\" data-export-id=\"about-text-image\" data-category=\"about\" class=\"about-text-image content-section content-section-spacing content-relative\" id=\"lego\" style=\"background-color: rgb(255, 255, 255);\"><div  class=\"gridContainer\"> <div  class=\"row\"><div  class=\"col-sm-6 col-padding-small-xs col-sm-padding-large bg-color5 white-text content-col\" data-type=\"column\">   <p  class=\"\"><span  style=\"font-weight: 600;\">Erfolgreich<\/span> war ich stets deswegen, weil ich komplexe und komplizierte Dinge relativ einfach erkl\u00e4ren konnte. War mein Wissen mal ersch\u00f6pft, so bat ich diejenigen, die fr\u00fcher mit fischertechnik gespielt haben, um Hilfe und Unterst\u00fctzung. Heute nennt man solche Leute in der IT-Branche \u201e<span  style=\"font-weight: 600;\">PreSaler<\/span>\u201c, oder \u201eTekki\u201c.<br >\nKundentaugliche \u201eTekkis\u201c sind selten, weil sie h\u00e4ufig eine v\u00f6llig andere Sprache sprechen.<br ><br >\nIrgendwie konnte ich zwischen Kunde und Technik stets gut \u201evermitteln\u201c. Ich verstand die Anforderungen des Kunden, aber auch viel von der grundlegenden Technik einer L\u00f6sung. Mein Standbein war jedoch immer die Kundenseite.<\/p><\/div> <div  class=\"col-sm-6 flexbox-strech center-xs middle-xs no-gutter-col\"><div  class=\"shadow-large overlap-left-large flexbox middle-xs center-xs right-img\" data-bg=\"image\" style=\"background-image: url(&quot;https:\/\/www.guido-weis.de\/wp-content\/uploads\/2025\/06\/cropped-LEGO_logo.svg_.png&quot;);\"><\/div><\/div> <\/div><\/div> <\/div><div  data-label=\"Overlappable\" data-id=\"overlappable--1\" data-export-id=\"overlappable-5\" data-category=\"overlappable\" class=\"overlappable-5 content-section content-section-spacing\" data-overlap=\"true\" id=\"overlappable-1\" style=\"background-color: rgb(255, 255, 255);\"><div  class=\"gridContainer\"> <div  data-type=\"row\" class=\"row shadow-medium bg-color-white\"><div  class=\"col-xs-12 col-sm-4 col-padding col-padding-xs bg-color-white\"> <div  class=\"row middle-sm\"><div  class=\"col-xs-12 col-sm-fit icon-column\"> <i  class=\"fa fa-paper-plane icon bordered round color2\"><\/i><\/div> <div  data-type=\"column\" class=\"col-xs-12 col-sm v-spacing\"><h5  class=\"\">Erfolg<\/h5><\/div> <\/div> <div  class=\"row\"> <div  class=\"col-xs-12 col-sm-12\" data-type=\"column\"> <p  class=\"\">Erfolgreich war ich stets deswegen, weil ich komplexe und komplizierte Dinge relativ einfach erkl\u00e4ren konnte. War mein Wissen mal ersch\u00f6pft, so bat ich diejenigen, die fr\u00fcher mit fischertechnik gespielt haben, um Hilfe und Unterst\u00fctzung. Heute nennt man solche Leute in der IT-Branche \u201ePreSaler\u201c.<br >\nKomischerweise waren nur die wenigsten Presaler kundentauglich.<br >\nDas war damals so, und gilt auch noch heute. Meistens. Ausnahmen best\u00e4tigen wie immer die Regel.<br >\nIrgendwie konnte ich zwischen Kunde und Technik stets gut \u201evermitteln\u201c. Ich verstand den Kunden, aber auch viel von der Technik einer L\u00f6sung. Mein Standbein war jedoch immer die Kundenseite.\n<br ><br ><br >Als<span  style=\"font-weight: 600;\"> Jahrgang 1967<\/span> hatte ich das Gl\u00fcck, viel technische Entwicklung miterleben zu d\u00fcrfen. Von 5.25\u2033-Disketten zum 3.5\u2033-Format, erst mit 720 KB (das war richtig viel damals), sp\u00e4ter in HD mit 1,44 MB. Es folgten USB-Sticks, externen Festplatten, Servertechnologien bis zu heutigen Cloud-Technologien mit quasi unbegrenzten Volumen. Daher habe ich heute Respekt und Achtung vor der Technik, denn ich wei\u00df, was es bedeutet und was dahinterliegt \u2013 auch wenn ich es nur bedingt erkl\u00e4ren kann. ABER: Ich wei\u00df, was man damit MACHEN kann.<\/p> <a  href=\"#\" class=\"read-more color2\">Read more<\/a><\/div> <\/div><\/div> <div  class=\"col-xs-12 col-sm-4 col-padding col-padding-xs bg-color-white\"><div  class=\"row middle-sm\"> <div  class=\"col-xs-12 col-sm-fit icon-column\"><i  class=\"fa fa-cubes icon bordered round color2\"><\/i><\/div> <div  data-type=\"column\" class=\"col-xs-12 col-sm v-spacing\"><h5  class=\"\">Kundenversteher<\/h5><\/div> <\/div> <div  class=\"row\"> <div  class=\"col-xs-12 col-sm-12\" data-type=\"column\"> <p  class=\"\">ABER: Ich kann diese Dinge einsortieren und erkl\u00e4ren, wof\u00fcr man sie braucht. Einfach gesagt: Ein Auto braucht man, um von A nach B zu kommen. Je nach A und B ben\u00f6tigt man unterschiedliche Autos, und vielleicht auch mehrere. Aber ich wei\u00df nicht, wie ein Allrad funktioniert oder welche Funktion die Pleulstange hat. Ich bin ja kein Mechaniker\/PreSaler\/fischertechniker, sondern ich sorge daf\u00fcr, dass der Kunde das Auto kauft, das er braucht, und nicht, was ich auf dem Hof stehen habe. Notfalls wird ein Auto f\u00fcr den Kunden individuell angepasst oder gebaut. Das nennt man dann Customizing. Gerne mit Wartung (Maintenance), oder auch mit komplettem Service inklusiver aller Inspektionen, Reparaturen, Reifenwechsel und sogar der Reinigung. Dann sind wir bei Full-Service mit Managed Services.<\/p> <a  href=\"#\" class=\"read-more color2\">Read more<\/a><\/div> <\/div><\/div> <div  class=\"col-xs-12 col-sm-4 col-padding col-padding-xs bg-color-white\"><div  class=\"row middle-sm\"> <div  class=\"col-xs-12 col-sm-fit icon-column\"><i  class=\"fa fa-area-chart icon bordered round color2\"><\/i><\/div> <div  data-type=\"column\" class=\"col-xs-12 col-sm v-spacing\"><h5  class=\"\">Berufung<\/h5><\/div> <\/div> <div  class=\"row\"> <div  class=\"col-xs-12 col-sm-12\" data-type=\"column\"> <p  class=\"\">Meine Berufung: Kommunikation, ob privat oder beruflich, ist der Schl\u00fcssel zum Erfolg. Ich bin kein Einzelk\u00e4mpfer. Ich brauche Menschen um mich herum. Ich arbeite gerne im Team. Der Kunde geh\u00f6rt f\u00fcr mich ganz klar mit zum Team \u2013 das lebe ich schon seit lange bevor die gro\u00dfe SCRUM-Welle mit ihrem Produktowner auch bei uns in Deutschland Einzug gehalten hat. Und die Ergebisse des Teams bestimmt das Team \u2013 und nur das Team. Wenn das nicht der Fall ist, sollten wir reden \u2026<br >\n<br ><br >Meine Berufung ist es, den Nutzen komplexer und komplizierter Themen m\u00f6glichst verst\u00e4ndlich und einfach zu erkl\u00e4ren. Bei der Telekom Security und der Telefonica Tech habe ich tiefe Einblicke in die Welt der Cyber-Security bekommen &#8211; aus meiner Sicht die Champions-League der IT\/TK.&nbsp;<br >\nIch bin kein CCSS, CSO, CTO, SIEM-Engineer, IAM-Spezialist, SecDevOps-Engineer, SysAdmin, DSGVO-Auditor, Pentester, Black-\/Whitehat-Hacker, und auch nicht zertifiziert auf Hersteller wie CISCO, Crowdstrike, Palo Alto, Checkpoint, VEEAM, Fortinet, Sophos, Trendmicro, ZScaler oder all die anderen, die allesamt \u201eBig-Player\u201c sind, die aber der \u201eNormalsterbliche\u201c nur sehr selten kennt.\n<br >Aber ich kenne\/verstehe die L\u00f6sungen und wei\u00df, was der Kunde ben\u00f6tigt-und was nicht.<br ><br >\n<\/p> <a  href=\"#\" class=\"read-more color2\">Read more<\/a><\/div> <\/div><\/div> <\/div><\/div> <\/div><div  data-label=\"Features\" data-id=\"features--1\" data-export-id=\"features-13-card-bordered\" data-category=\"features\" class=\"features-13 content-section content-section-spacing\" id=\"features-1\" style=\"background-color: rgb(255, 255, 255);\"><div  class=\"gridContainer\"> <div  class=\"row text-center\"><div  class=\"section-title-col\" data-type=\"column\"> <h2  class=\"\">Mein aktueller Job<\/h2> <\/div> <\/div> <div  class=\"row spaced-cols content-center-sm\" data-type=\"row\"> <div  class=\"col-sm-4 col-md-3\"> <div  class=\"card bordered y-move\" data-type=\"column\"> <i  class=\"fa icon fa-codepen big round reverse color1\"><\/i> <h4  class=\"\">Mein\n<br >\nTagesgesch\u00e4ft<\/h4> <p  class=\"\">Ich arbeite im Vertrieb der&nbsp;NETCONSULT in Solingen. Der Fokus liegt hier auf kleineren, mittelst\u00e4ndischen Unternehmen bis 100 Mitarbeiter, die eine individuelle und pers\u00f6nliche\n<br >IT-Beratung und\n<br >-Betreuung w\u00fcnschen.<\/p> <\/div> <\/div> <div  class=\"col-sm-4 col-md-3\"> <div  class=\"card bordered y-move\" data-type=\"column\"> <i  class=\"fa icon fa-codepen big round reverse color1\"><\/i> <h4  class=\"\">Mein\n<br >Auftrag<\/h4> <p  class=\"\">Ich war schon in fast jeder Branche unterwegs. Daher bringe ich ein sehr breites Verst\u00e4ndnis f\u00fcr das Businessmodell des Kunden mit. Die jeweilige IT-L\u00f6sung wird individuell an den Bedarf angepasst. Das Ziel: IT muss funktionieren, auch wenn sie mal nicht funktioniert (erkl\u00e4re ich dann &#8211; Anruf gen\u00fcgt).<\/p> <\/div> <\/div> <div  class=\"col-sm-4 col-md-3\"> <div  class=\"card bordered y-move\" data-type=\"column\"> <i  class=\"fa icon fa-codepen big round reverse color1\"><\/i> <h4  class=\"\">Mein\n<br >Ziel<\/h4> <p  class=\"\">Ich m\u00f6chte Sinn in meiner Arbeit finden. Der Kunde muss verstehen, f\u00fcr was er sein IT-Budget verwendet. Und es sollte mit Menschen zu tun haben, denen ich helfe, die IT-L\u00f6sung zu VERSTEHEN, die f\u00fcr ihr jeweiliges Business hilfreich, zielf\u00fchrend und bezahlbar ist.<\/p> <\/div> <\/div><div  class=\"col-sm-4 col-md-3\"> <div  class=\"card bordered y-move\" data-type=\"column\"> <i  class=\"fa icon fa-codepen big round reverse color1\"><\/i> <h4  class=\"\">Mein Wunschkunde<\/h4> <p  class=\"\">muss zu mir passen. Er muss mir vertrauen, denn oft versteht der Kunde nicht, wof\u00fcr genau er eine spezielle L\u00f6sung in seiner IT-Infrastruktur ben\u00f6tigt.\n<br >Ich erkl\u00e4re dies gerne, und auch mehrfach-mit einfachen Worten. Versprochen.<\/p> <\/div> <\/div><\/div> <\/div><\/div>","protected":false},"excerpt":{"rendered":"<p>LEGO \u2013 fischertechnik \u2013 Kommunikation Kommunikation verbindet Als Kind spielte ich viel mit LEGO, nicht mit fischertechnik. Jahre sp\u00e4ter fiel mir auf, dass h\u00e4ufig diejenigen, die mit fischertechnik spielten, beruflich oft in technischen Bereichen landeten. Den seinerzeit sehr beliebten \u201eChemiebaukasten\u201c hatte ich \u00fcbrigens auch nie unter dem Weihnachtsbaum liegen.LEGO-TECHNIC und ich wurden nie Freunde. Wahrscheinlich&hellip; <br \/> <a class=\"read-more\" href=\"https:\/\/www.guido-weis.de\/en\/berufung\/\">Read more<\/a><\/p>","protected":false},"author":2,"featured_media":0,"parent":0,"menu_order":0,"comment_status":"closed","ping_status":"closed","template":"pro\/page-templates\/full-width-page.php","meta":{"footnotes":""},"class_list":["post-37","page","type-page","status-publish","hentry"],"jetpack_sharing_enabled":true,"_links":{"self":[{"href":"https:\/\/www.guido-weis.de\/en\/wp-json\/wp\/v2\/pages\/37","targetHints":{"allow":["GET"]}}],"collection":[{"href":"https:\/\/www.guido-weis.de\/en\/wp-json\/wp\/v2\/pages"}],"about":[{"href":"https:\/\/www.guido-weis.de\/en\/wp-json\/wp\/v2\/types\/page"}],"author":[{"embeddable":true,"href":"https:\/\/www.guido-weis.de\/en\/wp-json\/wp\/v2\/users\/2"}],"replies":[{"embeddable":true,"href":"https:\/\/www.guido-weis.de\/en\/wp-json\/wp\/v2\/comments?post=37"}],"version-history":[{"count":28,"href":"https:\/\/www.guido-weis.de\/en\/wp-json\/wp\/v2\/pages\/37\/revisions"}],"predecessor-version":[{"id":680,"href":"https:\/\/www.guido-weis.de\/en\/wp-json\/wp\/v2\/pages\/37\/revisions\/680"}],"wp:attachment":[{"href":"https:\/\/www.guido-weis.de\/en\/wp-json\/wp\/v2\/media?parent=37"}],"curies":[{"name":"wp","href":"https:\/\/api.w.org\/{rel}","templated":true}]}}